{"id":3213,"date":"2025-03-25T10:43:39","date_gmt":"2025-03-25T10:43:39","guid":{"rendered":"https:\/\/demo.awaikenthemes.com\/petronus\/?page_id=3213"},"modified":"2026-03-17T02:16:58","modified_gmt":"2026-03-17T06:16:58","slug":"video-gallery","status":"publish","type":"page","link":"https:\/\/extermipro.com\/en\/video-gallery\/","title":{"rendered":"Our Video Interventions"},"content":{"rendered":"<div data-elementor-type=\"wp-page\" data-elementor-id=\"3213\" class=\"elementor elementor-3213\" data-elementor-post-type=\"page\">\n\t\t\t\t<div class=\"elementor-element elementor-element-db28ab6 e-flex e-con-boxed e-con e-parent\" data-id=\"db28ab6\" data-element_type=\"container\" data-e-type=\"container\" data-settings=\"{&quot;background_background&quot;:&quot;classic&quot;}\">\n\t\t\t\t\t<div class=\"e-con-inner\">\n\t\t<div class=\"elementor-element elementor-element-b9f64e4 e-con-full e-flex e-con e-child\" data-id=\"b9f64e4\" data-element_type=\"container\" data-e-type=\"container\">\n\t\t\t\t<div class=\"elementor-element elementor-element-154550e at-heading-animation at-animation-heading-style-2 elementor-widget elementor-widget-heading\" data-id=\"154550e\" data-element_type=\"widget\" data-e-type=\"widget\" data-widget_type=\"heading.default\">\n\t\t\t\t\t<h1 class=\"elementor-heading-title elementor-size-default\">Our extermination videos<\/h1>\t\t\t\t<\/div>\n\t\t\t\t<div class=\"elementor-element elementor-element-80ff0c5 elementor-invisible elementor-widget elementor-widget-petronus-breadcrumb\" data-id=\"80ff0c5\" data-element_type=\"widget\" data-e-type=\"widget\" data-settings=\"{&quot;_animation&quot;:&quot;fadeInUp&quot;}\" data-widget_type=\"petronus-breadcrumb.default\">\n\t\t\t\t<div class=\"elementor-widget-container\">\n\t\t\t\t\t<div role=\"navigation\" aria-label=\"Breadcrumbs\" class=\"breadcrumb-trail breadcrumbs\"><ol class=\"trail-items\"><li class=\"trail-item trail-begin\"><a href=\"https:\/\/extermipro.com\/en\/\" rel=\"home\"><span>Home<\/span><\/a><\/li><li class=\"trail-item trail-end\"><span><span>Our Video Interventions<\/span><\/span><\/li><\/ol><\/div>\t\t\t\t<\/div>\n\t\t\t\t<\/div>\n\t\t\t\t<div class=\"elementor-element elementor-element-f5b1136 elementor-widget elementor-widget-text-editor\" data-id=\"f5b1136\" data-element_type=\"widget\" data-e-type=\"widget\" data-widget_type=\"text-editor.default\">\n\t\t\t\t\t\t\t\t\t<p><div data-src=\"https:\/\/cdn.trustindex.io\/loader.js?b1ffb166673f9826bb465bdb875\"><\/div><\/p>\t\t\t\t\t\t\t\t<\/div>\n\t\t\t\t<\/div>\n\t\t\t\t\t<\/div>\n\t\t\t\t<\/div>\n\t\t<div class=\"elementor-element elementor-element-f87884a e-flex e-con-boxed e-con e-parent\" data-id=\"f87884a\" data-element_type=\"container\" data-e-type=\"container\">\n\t\t\t\t\t<div class=\"e-con-inner\">\n\t\t<div class=\"elementor-element elementor-element-fc2e05c e-con-full e-flex elementor-invisible e-con e-child\" data-id=\"fc2e05c\" data-element_type=\"container\" data-e-type=\"container\" data-settings=\"{&quot;animation&quot;:&quot;fadeInUp&quot;,&quot;animation_delay&quot;:100}\">\n\t\t\t\t<div class=\"elementor-element elementor-element-56e5769 page-video-gallery elementor-widget elementor-widget-elementskit-video-gallery\" data-id=\"56e5769\" data-element_type=\"widget\" data-e-type=\"widget\" data-settings=\"{&quot;ekit_column&quot;:&quot;3&quot;,&quot;ekit_column_tablet&quot;:&quot;2&quot;,&quot;ekit_column_mobile&quot;:&quot;1&quot;}\" data-widget_type=\"elementskit-video-gallery.default\">\n\t\t\t\t\t<div class=\"ekit-wid-con\" >\t\t<div class=\"ekit-video-gallery-wrapper\">\n\t\t\t<!-- filter nav -->\n\t\t\t\t\t\t<!-- filter nav -->\n\n\t\t\t<div class=\"ekit-video-gallery ekit-grid ekit-column-3 ekit-column-tablet-2 ekit-column-mobile-1 ekit_play_on\" data-config=\"{&quot;rtl&quot;:false,&quot;arrows&quot;:false,&quot;dots&quot;:false,&quot;prevArrow&quot;:&quot;&quot;,&quot;nextArrow&quot;:&quot;&quot;,&quot;autoplay&quot;:false,&quot;speed&quot;:1000,&quot;infinite&quot;:false,&quot;slidesPerView&quot;:4,&quot;slidesPerGroup&quot;:&quot;&quot;,&quot;pauseOnMouseEnter&quot;:false,&quot;loop&quot;:false,&quot;breakpointsInverse&quot;:true,&quot;breakpoints&quot;:{&quot;360&quot;:{&quot;slidesPerView&quot;:1,&quot;slidesPerGroup&quot;:1,&quot;spaceBetween&quot;:10},&quot;768&quot;:{&quot;slidesPerView&quot;:2,&quot;slidesPerGroup&quot;:1,&quot;spaceBetween&quot;:10},&quot;1024&quot;:{&quot;slidesPerView&quot;:4,&quot;slidesPerGroup&quot;:1,&quot;spaceBetween&quot;:15}}}\">\n\t\t\t\t\n\t\t\t\t\t\t\t\t\t<div class=\"ekit-video-item\">\n\n\t\t\t\t\t\t\t\t\t\t\t\t\t\t\t\t\t\t\t\t\t\t\t<a class=\"video-link popup\" href=\"https:\/\/www.youtube.com\/watch?v=AB9UJ8rHbCw\" data-url=\"https:\/\/www.youtube.com\/embed\/AB9UJ8rHbCw?autoplay=1&#038;rel=0\">\n\t\t\t\t\t\t\t\t\t\t\t\t\t\t\t\t\t<img decoding=\"async\" src=\"https:\/\/img.youtube.com\/vi\/AB9UJ8rHbCw\/0.jpg\" alt=\"Video thumbnail\">\n\t\t\t\t\t\t\t\t\t<svg aria-hidden=\"true\" class=\"video-icon e-font-icon-svg e-fas-play\" viewbox=\"0 0 448 512\" xmlns=\"http:\/\/www.w3.org\/2000\/svg\"><path d=\"M424.4 214.7L72.4 6.6C43.8-10.3 0 6.1 0 47.9V464c0 37.5 40.7 60.1 72.4 41.3l352-208c31.4-18.5 31.5-64.1 0-82.6z\"><\/path><\/svg>\t\t\t\t\t\t\t\t<\/a>\n\t\t\t\t\t\t\t\t\t\t\t<\/div>\n\t\t\t\t\t\t\t\t\t<div class=\"ekit-video-item\">\n\n\t\t\t\t\t\t\t\t\t\t\t\t\t\t\t\t\t\t\t\t\t\t\t<a class=\"video-link popup\" href=\"https:\/\/www.youtube.com\/watch?v=G0AhieeJjJs\" data-url=\"https:\/\/www.youtube.com\/embed\/G0AhieeJjJs?autoplay=1&#038;rel=0\">\n\t\t\t\t\t\t\t\t\t\t\t\t\t\t\t\t\t<img decoding=\"async\" src=\"https:\/\/img.youtube.com\/vi\/G0AhieeJjJs\/0.jpg\" alt=\"Video thumbnail\">\n\t\t\t\t\t\t\t\t\t<svg aria-hidden=\"true\" class=\"video-icon e-font-icon-svg e-fas-play\" viewbox=\"0 0 448 512\" xmlns=\"http:\/\/www.w3.org\/2000\/svg\"><path d=\"M424.4 214.7L72.4 6.6C43.8-10.3 0 6.1 0 47.9V464c0 37.5 40.7 60.1 72.4 41.3l352-208c31.4-18.5 31.5-64.1 0-82.6z\"><\/path><\/svg>\t\t\t\t\t\t\t\t<\/a>\n\t\t\t\t\t\t\t\t\t\t\t<\/div>\n\t\t\t\t\t\t\t\t\t<div class=\"ekit-video-item\">\n\n\t\t\t\t\t\t\t\t\t\t\t\t\t\t\t\t\t\t\t\t\t\t\t<a class=\"video-link popup\" href=\"https:\/\/www.youtube.com\/watch?v=u_N7SMh3reY\" data-url=\"https:\/\/www.youtube.com\/embed\/u_N7SMh3reY?autoplay=1&#038;rel=0\">\n\t\t\t\t\t\t\t\t\t\t\t\t\t\t\t\t\t<img decoding=\"async\" src=\"https:\/\/img.youtube.com\/vi\/u_N7SMh3reY\/0.jpg\" alt=\"Video thumbnail\">\n\t\t\t\t\t\t\t\t\t<svg aria-hidden=\"true\" class=\"video-icon e-font-icon-svg e-fas-play\" viewbox=\"0 0 448 512\" xmlns=\"http:\/\/www.w3.org\/2000\/svg\"><path d=\"M424.4 214.7L72.4 6.6C43.8-10.3 0 6.1 0 47.9V464c0 37.5 40.7 60.1 72.4 41.3l352-208c31.4-18.5 31.5-64.1 0-82.6z\"><\/path><\/svg>\t\t\t\t\t\t\t\t<\/a>\n\t\t\t\t\t\t\t\t\t\t\t<\/div>\n\t\t\t\t\n\t\t\t\t\t\t\t<\/div>\n\t\t<\/div>\n\t\t<\/div>\t\t\t\t<\/div>\n\t\t\t\t<\/div>\n\t\t\t\t\t<\/div>\n\t\t\t\t<\/div>\n\t\t\t\t<\/div>","protected":false},"excerpt":{"rendered":"<p>Nos vid\u00e9os d&rsquo;exterminations Home<\/p>","protected":false},"author":1,"featured_media":0,"parent":0,"menu_order":0,"comment_status":"closed","ping_status":"closed","template":"elementor_header_footer","meta":{"_acf_changed":false,"_crdt_document":"","_elementor_version":"3.35.7","footnotes":"","big_sky_generated":false},"class_list":["post-3213","page","type-page","status-publish","hentry"],"acf":[],"aioseo_notices":[],"aioseo_head":"\n\t\t<!-- All in One SEO Pro 4.9.6.2 - aioseo.com -->\n\t<meta name=\"description\" content=\"Vid\u00e9os d&#039;interventions r\u00e9elles en extermination \u00e0 Montr\u00e9al. Souris, punaises de lit, coquerelles \u2014 observations terrain et traitements professionnels.\" \/>\n\t<meta name=\"robots\" content=\"max-image-preview:large\" \/>\n\t<meta name=\"msvalidate.01\" content=\"a58e7ff5046c6dad48bdeb8e215bea1e\" \/>\n\t<meta name=\"p:domain_verify\" content=\"a6a790a41c94a7fbb19ca8ed7b639b80\" \/>\n\t<meta name=\"yandex-verification\" content=\"a391cc8c935e6dc6\" \/>\n\t<link rel=\"canonical\" href=\"https:\/\/extermipro.com\/en\/video-gallery\/\" \/>\n\t<meta name=\"generator\" content=\"All in One SEO Pro (AIOSEO) 4.9.6.2\" \/>\n\t\t<meta property=\"og:locale\" content=\"en_US\" \/>\n\t\t<meta property=\"og:site_name\" content=\"Extermi Pro Inc. \u2013 Solutions d\u2019extermination\" \/>\n\t\t<meta property=\"og:type\" content=\"article\" \/>\n\t\t<meta property=\"og:title\" content=\"Vid\u00e9os Extermination Montr\u00e9al | Interventions R\u00e9elles\" \/>\n\t\t<meta property=\"og:description\" content=\"Vid\u00e9os d&#039;interventions r\u00e9elles en extermination \u00e0 Montr\u00e9al. Souris, punaises de lit, coquerelles \u2014 observations terrain et traitements professionnels.\" \/>\n\t\t<meta property=\"og:url\" content=\"https:\/\/extermipro.com\/en\/video-gallery\/\" \/>\n\t\t<meta property=\"og:image\" content=\"https:\/\/extermipro.com\/wp-content\/uploads\/2025\/10\/extermination-montreal-extermi-pro-350x350-1.webp\" \/>\n\t\t<meta property=\"og:image:secure_url\" content=\"https:\/\/extermipro.com\/wp-content\/uploads\/2025\/10\/extermination-montreal-extermi-pro-350x350-1.webp\" \/>\n\t\t<meta property=\"article:published_time\" content=\"2025-03-25T10:43:39+00:00\" \/>\n\t\t<meta property=\"article:modified_time\" content=\"2026-03-17T06:16:58+00:00\" \/>\n\t\t<meta property=\"article:publisher\" content=\"https:\/\/www.facebook.com\/profile.php?id=61551067107999\" \/>\n\t\t<meta name=\"twitter:card\" content=\"summary_large_image\" \/>\n\t\t<meta name=\"twitter:site\" content=\"@extermipro21\" \/>\n\t\t<meta name=\"twitter:title\" content=\"Vid\u00e9os Extermination Montr\u00e9al | Interventions R\u00e9elles\" \/>\n\t\t<meta name=\"twitter:description\" content=\"Vid\u00e9os d&#039;interventions r\u00e9elles en extermination \u00e0 Montr\u00e9al. Souris, punaises de lit, coquerelles \u2014 observations terrain et traitements professionnels.\" \/>\n\t\t<meta name=\"twitter:creator\" content=\"@extermipro21\" \/>\n\t\t<meta name=\"twitter:image\" content=\"https:\/\/extermipro.com\/wp-content\/uploads\/2025\/10\/extermination-montreal-extermi-pro-350x350-1.webp\" \/>\n\t\t<script type=\"application\/ld+json\" class=\"aioseo-schema\">\n\t\t\t{\"@context\":\"https:\\\/\\\/schema.org\",\"@graph\":[{\"@type\":\"BreadcrumbList\",\"@id\":\"https:\\\/\\\/extermipro.com\\\/en\\\/video-gallery\\\/#breadcrumblist\",\"itemListElement\":[{\"@type\":\"ListItem\",\"@id\":\"https:\\\/\\\/extermipro.com\\\/en#listItem\",\"position\":1,\"name\":\"Accueil\",\"item\":\"https:\\\/\\\/extermipro.com\\\/en\",\"nextItem\":{\"@type\":\"ListItem\",\"@id\":\"https:\\\/\\\/extermipro.com\\\/en\\\/video-gallery\\\/#listItem\",\"name\":\"Nos Interventions en Vid\\u00e9o\"}},{\"@type\":\"ListItem\",\"@id\":\"https:\\\/\\\/extermipro.com\\\/en\\\/video-gallery\\\/#listItem\",\"position\":2,\"name\":\"Nos Interventions en Vid\\u00e9o\",\"previousItem\":{\"@type\":\"ListItem\",\"@id\":\"https:\\\/\\\/extermipro.com\\\/en#listItem\",\"name\":\"Accueil\"}}]},{\"@type\":\"Organization\",\"@id\":\"https:\\\/\\\/extermipro.com\\\/en\\\/#organization\",\"name\":\"Extermi Pro\",\"description\":\"Entreprise d\\u2019extermination professionnelle \\u00e0 Montr\\u00e9al, sp\\u00e9cialis\\u00e9e en punaises de lit, souris, coquerelles, termites et autres nuisibles. Service rapide, efficace et disponible 7j\\\/7 pour r\\u00e9sidences et commerces.\",\"url\":\"https:\\\/\\\/extermipro.com\\\/en\\\/\",\"email\":\"extermipro@gmail.com\",\"telephone\":\"+14388358401\",\"logo\":{\"@type\":\"ImageObject\",\"url\":\"https:\\\/\\\/extermipro.com\\\/wp-content\\\/uploads\\\/2025\\\/03\\\/ChatGPT-Image-Feb-25-2026-01_48_55-AM.webp\",\"@id\":\"https:\\\/\\\/extermipro.com\\\/en\\\/video-gallery\\\/#organizationLogo\",\"width\":1444,\"height\":485,\"caption\":\"Extermi Pro, entreprise d\\u2019extermination professionnelle \\u00e0 Montr\\u00e9al\"},\"image\":{\"@id\":\"https:\\\/\\\/extermipro.com\\\/en\\\/video-gallery\\\/#organizationLogo\"},\"sameAs\":[\"https:\\\/\\\/www.facebook.com\\\/profile.php?id=61551067107999\",\"https:\\\/\\\/x.com\\\/extermipro21\",\"https:\\\/\\\/www.instagram.com\\\/extermi.pro\",\"https:\\\/\\\/www.tiktok.com\\\/@extermi.pro.inc\",\"https:\\\/\\\/ca.pinterest.com\\\/extermipro\\\/\",\"https:\\\/\\\/www.youtube.com\\\/@ExtermiProinc\",\"https:\\\/\\\/www.linkedin.com\\\/company\\\/xtermi-pro-inc\\\/\",\"https:\\\/\\\/www.yelp.com\\\/biz\\\/extermi-pro-montral\"],\"address\":{\"@id\":\"https:\\\/\\\/extermipro.com\\\/en\\\/#postaladdress\",\"@type\":\"PostalAddress\",\"streetAddress\":\"8350 Durocher St. #6, Montreal, Quebec H3N 2Z2,\",\"postalCode\":\"H3N2Z2\",\"addressLocality\":\"Montr\\u00e9al\",\"addressRegion\":\"QC\",\"addressCountry\":\"CA\"}},{\"@type\":\"WebPage\",\"@id\":\"https:\\\/\\\/extermipro.com\\\/en\\\/video-gallery\\\/#webpage\",\"url\":\"https:\\\/\\\/extermipro.com\\\/en\\\/video-gallery\\\/\",\"name\":\"Vid\\u00e9os Extermination Montr\\u00e9al | Interventions R\\u00e9elles\",\"description\":\"Vid\\u00e9os d'interventions r\\u00e9elles en extermination \\u00e0 Montr\\u00e9al. Souris, punaises de lit, coquerelles \\u2014 observations terrain et traitements professionnels.\",\"inLanguage\":\"en-CA\",\"isPartOf\":{\"@id\":\"https:\\\/\\\/extermipro.com\\\/en\\\/#website\"},\"breadcrumb\":{\"@id\":\"https:\\\/\\\/extermipro.com\\\/en\\\/video-gallery\\\/#breadcrumblist\"},\"datePublished\":\"2025-03-25T10:43:39-04:00\",\"dateModified\":\"2026-03-17T02:16:58-04:00\"},{\"@type\":\"WebSite\",\"@id\":\"https:\\\/\\\/extermipro.com\\\/en\\\/#website\",\"url\":\"https:\\\/\\\/extermipro.com\\\/en\\\/\",\"name\":\"Extermi Pro Inc.\",\"description\":\"Solutions d'exterminations \\u00e0 Montr\\u00e9al\",\"inLanguage\":\"en-CA\",\"publisher\":{\"@id\":\"https:\\\/\\\/extermipro.com\\\/en\\\/#organization\"}}]}\n\t\t<\/script>\n\t\t<!-- All in One SEO Pro -->\r\n\t\t<title>Vid\u00e9os Extermination Montr\u00e9al | Interventions R\u00e9elles<\/title>\n\n","aioseo_head_json":{"title":"Vid\u00e9os Extermination Montr\u00e9al | Interventions R\u00e9elles","description":"Vid\u00e9os d'interventions r\u00e9elles en extermination \u00e0 Montr\u00e9al. Souris, punaises de lit, coquerelles \u2014 observations terrain et traitements professionnels.","canonical_url":"https:\/\/extermipro.com\/en\/video-gallery\/","robots":"max-image-preview:large","keywords":"","webmasterTools":{"msvalidate.01":"a58e7ff5046c6dad48bdeb8e215bea1e","p:domain_verify":"a6a790a41c94a7fbb19ca8ed7b639b80","yandex-verification":"a391cc8c935e6dc6","miscellaneous":""},"schema":{"@context":"https:\/\/schema.org","@graph":[{"@type":"BreadcrumbList","@id":"https:\/\/extermipro.com\/en\/video-gallery\/#breadcrumblist","itemListElement":[{"@type":"ListItem","@id":"https:\/\/extermipro.com\/en#listItem","position":1,"name":"Accueil","item":"https:\/\/extermipro.com\/en","nextItem":{"@type":"ListItem","@id":"https:\/\/extermipro.com\/en\/video-gallery\/#listItem","name":"Nos Interventions en Vid\u00e9o"}},{"@type":"ListItem","@id":"https:\/\/extermipro.com\/en\/video-gallery\/#listItem","position":2,"name":"Nos Interventions en Vid\u00e9o","previousItem":{"@type":"ListItem","@id":"https:\/\/extermipro.com\/en#listItem","name":"Accueil"}}]},{"@type":"Organization","@id":"https:\/\/extermipro.com\/en\/#organization","name":"Extermi Pro","description":"Entreprise d\u2019extermination professionnelle \u00e0 Montr\u00e9al, sp\u00e9cialis\u00e9e en punaises de lit, souris, coquerelles, termites et autres nuisibles. Service rapide, efficace et disponible 7j\/7 pour r\u00e9sidences et commerces.","url":"https:\/\/extermipro.com\/en\/","email":"extermipro@gmail.com","telephone":"+14388358401","logo":{"@type":"ImageObject","url":"https:\/\/extermipro.com\/wp-content\/uploads\/2025\/03\/ChatGPT-Image-Feb-25-2026-01_48_55-AM.webp","@id":"https:\/\/extermipro.com\/en\/video-gallery\/#organizationLogo","width":1444,"height":485,"caption":"Extermi Pro, entreprise d\u2019extermination professionnelle \u00e0 Montr\u00e9al"},"image":{"@id":"https:\/\/extermipro.com\/en\/video-gallery\/#organizationLogo"},"sameAs":["https:\/\/www.facebook.com\/profile.php?id=61551067107999","https:\/\/x.com\/extermipro21","https:\/\/www.instagram.com\/extermi.pro","https:\/\/www.tiktok.com\/@extermi.pro.inc","https:\/\/ca.pinterest.com\/extermipro\/","https:\/\/www.youtube.com\/@ExtermiProinc","https:\/\/www.linkedin.com\/company\/xtermi-pro-inc\/","https:\/\/www.yelp.com\/biz\/extermi-pro-montral"],"address":{"@id":"https:\/\/extermipro.com\/en\/#postaladdress","@type":"PostalAddress","streetAddress":"8350 Durocher St. #6, Montreal, Quebec H3N 2Z2,","postalCode":"H3N2Z2","addressLocality":"Montr\u00e9al","addressRegion":"QC","addressCountry":"CA"}},{"@type":"WebPage","@id":"https:\/\/extermipro.com\/en\/video-gallery\/#webpage","url":"https:\/\/extermipro.com\/en\/video-gallery\/","name":"Vid\u00e9os Extermination Montr\u00e9al | Interventions R\u00e9elles","description":"Vid\u00e9os d'interventions r\u00e9elles en extermination \u00e0 Montr\u00e9al. Souris, punaises de lit, coquerelles \u2014 observations terrain et traitements professionnels.","inLanguage":"en-CA","isPartOf":{"@id":"https:\/\/extermipro.com\/en\/#website"},"breadcrumb":{"@id":"https:\/\/extermipro.com\/en\/video-gallery\/#breadcrumblist"},"datePublished":"2025-03-25T10:43:39-04:00","dateModified":"2026-03-17T02:16:58-04:00"},{"@type":"WebSite","@id":"https:\/\/extermipro.com\/en\/#website","url":"https:\/\/extermipro.com\/en\/","name":"Extermi Pro Inc.","description":"Solutions d'exterminations \u00e0 Montr\u00e9al","inLanguage":"en-CA","publisher":{"@id":"https:\/\/extermipro.com\/en\/#organization"}}]},"og:locale":"en_US","og:site_name":"Extermi Pro Inc. \u2013 Solutions d\u2019extermination","og:type":"article","og:title":"Vid\u00e9os Extermination Montr\u00e9al | Interventions R\u00e9elles","og:description":"Vid\u00e9os d'interventions r\u00e9elles en extermination \u00e0 Montr\u00e9al. Souris, punaises de lit, coquerelles \u2014 observations terrain et traitements professionnels.","og:url":"https:\/\/extermipro.com\/en\/video-gallery\/","og:image":"https:\/\/extermipro.com\/wp-content\/uploads\/2025\/10\/extermination-montreal-extermi-pro-350x350-1.webp","og:image:secure_url":"https:\/\/extermipro.com\/wp-content\/uploads\/2025\/10\/extermination-montreal-extermi-pro-350x350-1.webp","article:published_time":"2025-03-25T10:43:39+00:00","article:modified_time":"2026-03-17T06:16:58+00:00","article:publisher":"https:\/\/www.facebook.com\/profile.php?id=61551067107999","twitter:card":"summary_large_image","twitter:site":"@extermipro21","twitter:title":"Vid\u00e9os Extermination Montr\u00e9al | Interventions R\u00e9elles","twitter:description":"Vid\u00e9os d'interventions r\u00e9elles en extermination \u00e0 Montr\u00e9al. Souris, punaises de lit, coquerelles \u2014 observations terrain et traitements professionnels.","twitter:creator":"@extermipro21","twitter:image":"https:\/\/extermipro.com\/wp-content\/uploads\/2025\/10\/extermination-montreal-extermi-pro-350x350-1.webp"},"aioseo_meta_data":{"post_id":"3213","title":"Vid\u00e9os Extermination Montr\u00e9al | Interventions R\u00e9elles","description":"Vid\u00e9os d'interventions r\u00e9elles en extermination \u00e0 Montr\u00e9al. Souris, punaises de lit, coquerelles \u2014 observations terrain et traitements professionnels.","keywords":null,"keyphrases":null,"primary_term":null,"canonical_url":null,"og_title":null,"og_description":null,"og_object_type":"default","og_image_type":"default","og_image_url":null,"og_image_width":null,"og_image_height":null,"og_image_custom_url":null,"og_image_custom_fields":null,"og_video":"","og_custom_url":null,"og_article_section":null,"og_article_tags":null,"twitter_use_og":false,"twitter_card":"default","twitter_image_type":"default","twitter_image_url":null,"twitter_image_custom_url":null,"twitter_image_custom_fields":null,"twitter_title":null,"twitter_description":null,"schema":{"blockGraphs":[],"customGraphs":[],"default":{"data":{"Article":[],"Course":[],"Dataset":[],"FAQPage":[],"Movie":[],"Person":[],"Product":[],"ProductReview":[],"Car":[],"Recipe":[],"Service":[],"SoftwareApplication":[],"WebPage":[]},"graphName":"WebPage","isEnabled":true},"graphs":[]},"schema_type":"default","schema_type_options":null,"pillar_content":false,"robots_default":true,"robots_noindex":false,"robots_noarchive":false,"robots_nosnippet":false,"robots_nofollow":false,"robots_noimageindex":false,"robots_noodp":false,"robots_notranslate":false,"robots_max_snippet":"-1","robots_max_videopreview":"-1","robots_max_imagepreview":"large","priority":null,"frequency":"default","local_seo":null,"seo_analyzer_scan_date":"2026-03-17 07:27:02","breadcrumb_settings":null,"limit_modified_date":false,"reviewed_by":null,"open_ai":null,"ai":null,"created":"2025-11-17 19:49:47","updated":"2026-04-09 03:06:10"},"aioseo_breadcrumb":"<div class=\"aioseo-breadcrumbs\"><span class=\"aioseo-breadcrumb\">\n\t<a href=\"https:\/\/extermipro.com\/en\" title=\"Accueil\">Accueil<\/a>\n<\/span><span class=\"aioseo-breadcrumb-separator\">\u00bb<\/span><span class=\"aioseo-breadcrumb\">\n\tNos Interventions en Vid\u00e9o\n<\/span><\/div>","aioseo_breadcrumb_json":[{"label":"Accueil","link":"https:\/\/extermipro.com\/en"},{"label":"Nos Interventions en Vid\u00e9o","link":"https:\/\/extermipro.com\/en\/video-gallery\/"}],"jetpack_sharing_enabled":true,"jetpack_shortlink":"https:\/\/wp.me\/PfJaCc-PP","_links":{"self":[{"href":"https:\/\/extermipro.com\/en\/wp-json\/wp\/v2\/pages\/3213","targetHints":{"allow":["GET"]}}],"collection":[{"href":"https:\/\/extermipro.com\/en\/wp-json\/wp\/v2\/pages"}],"about":[{"href":"https:\/\/extermipro.com\/en\/wp-json\/wp\/v2\/types\/page"}],"author":[{"embeddable":true,"href":"https:\/\/extermipro.com\/en\/wp-json\/wp\/v2\/users\/1"}],"replies":[{"embeddable":true,"href":"https:\/\/extermipro.com\/en\/wp-json\/wp\/v2\/comments?post=3213"}],"version-history":[{"count":18,"href":"https:\/\/extermipro.com\/en\/wp-json\/wp\/v2\/pages\/3213\/revisions"}],"predecessor-version":[{"id":11927,"href":"https:\/\/extermipro.com\/en\/wp-json\/wp\/v2\/pages\/3213\/revisions\/11927"}],"wp:attachment":[{"href":"https:\/\/extermipro.com\/en\/wp-json\/wp\/v2\/media?parent=3213"}],"curies":[{"name":"wp","href":"https:\/\/api.w.org\/{rel}","templated":true}]}}